{"id":398,"date":"2018-04-23T14:20:19","date_gmt":"2018-04-23T14:20:19","guid":{"rendered":"https:\/\/web.ruecklhof.at\/?page_id=398"},"modified":"2026-01-06T20:03:23","modified_gmt":"2026-01-06T20:03:23","slug":"rooms-and-meals","status":"publish","type":"page","link":"https:\/\/www.ruecklhof.at\/en\/rooms-and-meals\/","title":{"rendered":"Rooms &#038; Breakfast"},"content":{"rendered":"<div id='fullscreen_slider_1' class='avia-fullscreen-slider main_color   container_wrap fullsize'   ><a href='#next-section' title='' class='scroll-down-link av-control-default' aria-hidden='true' data-av_icon='\ue877' data-av_iconfont='entypo-fontello'><\/a><div  data-size='extra_large'  data-lightbox_size='large'  data-animation='slide'  data-ids='507,590,255'  data-video_counter='0'  data-autoplay='true'  data-bg_slider='true'  data-slide_height='100'  data-handle='av_fullscreen'  data-interval='5'  data-class=' '  data-css_id='fullscreen_slider_1'  data-scroll_down='aviaTBscroll_down'  data-control_layout='av-control-default'  data-custom_markup=''  data-perma_caption=''  data-autoplay_stopper=''  data-image_attachment=''  data-min_height='0px'  data-stretch=''  data-default-height='78.125'  class='avia-slideshow avia-slideshow-1 av-slider-scroll-down-active av-control-default av-default-height-applied avia-slideshow-extra_large av_fullscreen   avia-slide-slider '  itemprop=\"ImageObject\" itemscope=\"itemscope\" itemtype=\"https:\/\/schema.org\/ImageObject\" ><ul class='avia-slideshow-inner' style='padding-bottom: 66.6666666667%;'><li style='background-position:center center;' data-img-url='https:\/\/www.ruecklhof.at\/wp-content\/uploads\/2018\/05\/Gem\u00fctliches-Landhauszimmer-Kopie-1920x1280.jpg' class=' slide-1 ' ><div data-rel='slideshow-1' class='avia-slide-wrap' title='Zimmer mit Eichenboden ' ><\/div><\/li><li style='background-position:center center;' data-img-url='https:\/\/www.ruecklhof.at\/wp-content\/uploads\/2019\/02\/Fr\u00fchst\u00fcck_R\u00fccklhof-2-von-15.jpg' class=' slide-2 ' ><div data-rel='slideshow-1' class='avia-slide-wrap' title='Fr\u00fchst\u00fccksbuffet am R\u00fccklhof' ><\/div><\/li><li style='background-position:top left;' data-img-url='https:\/\/www.ruecklhof.at\/wp-content\/uploads\/2018\/02\/Tauern_pan-1920x739.jpg' class=' slide-3 ' ><div data-rel='slideshow-1' class='avia-slide-wrap'  ><div class = \"caption_fullwidth av-slideshow-caption caption_center caption_center_framed caption_framed\"><div class = \"container caption_container\"><div class = \"slideshow_caption\"><div class = \"slideshow_inner_caption\"><div class = \"slideshow_align_caption\"><h2  style='font-size:120px; ' class='avia-caption-title  av-medium-font-size-overwrite av-medium-font-size-70 av-small-font-size-overwrite av-small-font-size-50 av-mini-font-size-overwrite av-mini-font-size-50'  itemprop=\"name\" >Tip: Family rooms with separate bedrooms<\/h2><\/div><\/div><\/div><\/div><\/div><\/div><\/li><\/ul><div class='avia-slideshow-arrows avia-slideshow-controls'><a href='#prev' class='prev-slide' aria-hidden='true' data-av_icon='\ue87c' data-av_iconfont='entypo-fontello'>Previous<\/a><a href='#next' class='next-slide' aria-hidden='true' data-av_icon='\ue87d' data-av_iconfont='entypo-fontello'>Next<\/a><\/div><div class='avia-slideshow-dots avia-slideshow-controls'><a href='#1' class='goto-slide active' >1<\/a><a href='#2' class='goto-slide ' >2<\/a><a href='#3' class='goto-slide ' >3<\/a><\/div><\/div><\/div>\n<\/div><\/div><\/div><!-- close content main div --><\/div><\/div><div id='av_section_1' class='avia-section main_color avia-section-no-padding avia-no-border-styling avia-bg-style-scroll   container_wrap fullsize' style = 'background-repeat: no-repeat; background-image: url(https:\/\/www.ruecklhof.at\/wp-content\/uploads\/2018\/02\/bg3.jpg);background-attachment: scroll; background-position: center center; ' data-section-bg-repeat='no-repeat' ><div class='container' ><div class='template-page content  av-content-full alpha units'><div class='post-entry post-entry-type-page post-entry-398'><div class='entry-content-wrapper clearfix'>\n<div class=\"flex_column av_one_fifth  flex_column_div av-zero-column-padding first  \" style='border-radius:0px; '><\/div><div class=\"flex_column av_three_fifth  flex_column_div av-zero-column-padding   \" style='border-radius:0px; '><section class=\"av_textblock_section \"  itemscope=\"itemscope\" itemtype=\"https:\/\/schema.org\/CreativeWork\" ><div class='avia_textblock  '   itemprop=\"text\" ><p><a href=\"\/en\/prices-inquiries\/#kontakt\"><img loading=\"lazy\" class=\"alignnone wp-image-342 size-full\" src=\"https:\/\/web.ruecklhof.at\/wp-content\/uploads\/2018\/03\/request.png\" alt=\"\" width=\"800\" height=\"200\" srcset=\"https:\/\/www.ruecklhof.at\/wp-content\/uploads\/2018\/03\/request.png 800w, https:\/\/www.ruecklhof.at\/wp-content\/uploads\/2018\/03\/request-300x75.png 300w, https:\/\/www.ruecklhof.at\/wp-content\/uploads\/2018\/03\/request-768x192.png 768w, https:\/\/www.ruecklhof.at\/wp-content\/uploads\/2018\/03\/request-705x176.png 705w, https:\/\/www.ruecklhof.at\/wp-content\/uploads\/2018\/03\/request-450x113.png 450w\" sizes=\"(max-width: 800px) 100vw, 800px\" \/><\/a><\/p>\n<\/div><\/section><\/div><div class=\"flex_column av_one_fifth  flex_column_div av-zero-column-padding   \" style='border-radius:0px; '><\/div>\n\n<\/div><\/div><\/div><!-- close content main div --><\/div><\/div><div id='biobauernhof' class='av-layout-grid-container entry-content-wrapper main_color av-flex-cells    container_wrap fullsize'   >\n<div class=\"flex_cell no_margin av_one_fifth   \" style='vertical-align:top; padding:30px; '><div class='flex_cell_inner' ><\/div><\/div><div class=\"flex_cell no_margin av_three_fifth   \" style='vertical-align:top; padding:100px 0px 100px 0px ; '><div class='flex_cell_inner' ><p><div style='padding-bottom:30px; ' class='av-special-heading av-special-heading-h1     '><h1 class='av-special-heading-tag '  itemprop=\"headline\"  >Rooms for complete comfort<\/h1><div class='special-heading-border'><div class='special-heading-inner-border' ><\/div><\/div><\/div><br \/>\n<div class=\"flex_column av_three_fifth  flex_column_div av-zero-column-padding first  \" style='border-radius:0px; '><div class='avia-gallery  avia-gallery-1 avia_lazyload avia_animate_when_visible '  itemprop=\"ImageObject\" itemscope=\"itemscope\" itemtype=\"https:\/\/schema.org\/ImageObject\" ><a class='avia-gallery-big fakeLightbox lightbox avia-gallery-big-crop-thumb ' href='https:\/\/www.ruecklhof.at\/wp-content\/uploads\/2018\/01\/ruecklhof_31-1030x687.jpg'  data-onclick='1' title='' ><span class='avia-gallery-big-inner'  itemprop=\"thumbnailUrl\" >\t<img width='495' height='400' src='https:\/\/www.ruecklhof.at\/wp-content\/uploads\/2018\/01\/ruecklhof_31-495x400.jpg' title='ruecklhof_31' alt='' \/><\/span><\/a><div class='avia-gallery-thumb'> <a href='https:\/\/www.ruecklhof.at\/wp-content\/uploads\/2018\/01\/ruecklhof_31-1030x687.jpg' data-rel='gallery-1' data-prev-img='https:\/\/www.ruecklhof.at\/wp-content\/uploads\/2018\/01\/ruecklhof_31-495x400.jpg' class='first_thumb lightbox ' data-onclick='1' title=''  itemprop=\"thumbnailUrl\" ><img  src='https:\/\/www.ruecklhof.at\/wp-content\/uploads\/2018\/01\/ruecklhof_31-495x400.jpg' width='495' height='400'  title='ruecklhof_31' alt='' \/><\/a> <a href='https:\/\/www.ruecklhof.at\/wp-content\/uploads\/2018\/01\/ruecklhof_02-1030x429.jpg' data-rel='gallery-1' data-prev-img='https:\/\/www.ruecklhof.at\/wp-content\/uploads\/2018\/01\/ruecklhof_02-495x400.jpg' class='lightbox ' data-onclick='2' title=''  itemprop=\"thumbnailUrl\" ><img  src='https:\/\/www.ruecklhof.at\/wp-content\/uploads\/2018\/01\/ruecklhof_02-495x400.jpg' width='495' height='400'  title='ruecklhof_02' alt='' \/><\/a> <a href='https:\/\/www.ruecklhof.at\/wp-content\/uploads\/2018\/01\/ruecklhof_01-1030x715.jpg' data-rel='gallery-1' data-prev-img='https:\/\/www.ruecklhof.at\/wp-content\/uploads\/2018\/01\/ruecklhof_01-495x400.jpg' class='lightbox ' data-onclick='3' title=''  itemprop=\"thumbnailUrl\" ><img  src='https:\/\/www.ruecklhof.at\/wp-content\/uploads\/2018\/01\/ruecklhof_01-495x400.jpg' width='495' height='400'  title='ruecklhof_01' alt='' \/><\/a> <a href='https:\/\/www.ruecklhof.at\/wp-content\/uploads\/2018\/02\/Hochkonig-1030x687.jpg' data-rel='gallery-1' data-prev-img='https:\/\/www.ruecklhof.at\/wp-content\/uploads\/2018\/02\/Hochkonig-495x400.jpg' class='lightbox ' data-onclick='4' title='Zimmer mit Holzm\u00f6bel'  itemprop=\"thumbnailUrl\" ><img data-avia-tooltip='Zimmer mit Holzboden' src='https:\/\/www.ruecklhof.at\/wp-content\/uploads\/2018\/02\/Hochkonig-495x400.jpg' width='495' height='400'  title='Zimmer mit Holzm\u00f6bel' alt='Zimmer mit Holzm\u00f6bel' \/><\/a><\/div><\/div><\/div><div class=\"flex_column av_two_fifth  flex_column_div av-zero-column-padding   \" style='border-radius:0px; '><p><section class=\"av_textblock_section \"  itemscope=\"itemscope\" itemtype=\"https:\/\/schema.org\/CreativeWork\" ><div class='avia_textblock  '   itemprop=\"text\" ><p>All of the rooms at the R\u00fccklhof feature solid wood furniture made by master craftsmen with a love for every single detail. Each room boasts its own balcony, so that you can enjoy the good air and the magnificent mountain panorama.<\/p>\n<h2>Room categories<\/h2>\n<ul class=\"heart\">\n<li>Apartments<\/li>\n<li>Family rooms with separate children\u2019s rooms<\/li>\n<li>Quad rooms<\/li>\n<li>Triple rooms<\/li>\n<li>Double rooms<\/li>\n<li>Single rooms<\/li>\n<\/ul>\n<\/div><\/section><br \/>\n<div class='avia-button-wrap avia-button-left '><a href='\/en\/prices-inquiries\/#preise'  class='avia-button   avia-icon_select-no avia-color-dark avia-size-large avia-position-left '   ><span class='avia_iconbox_title' >Our room prices<\/span><\/a><\/div><\/p><\/div><div style='padding-bottom:10px; ' class='av-special-heading av-special-heading-h2     '><h2 class='av-special-heading-tag '  itemprop=\"headline\"  >Amenities<\/h2><div class='special-heading-border'><div class='special-heading-inner-border' ><\/div><\/div><\/div><br \/>\n<div class=\"flex_column av_one_third  flex_column_div av-zero-column-padding first  \" style='border-radius:0px; '><section class=\"av_textblock_section \"  itemscope=\"itemscope\" itemtype=\"https:\/\/schema.org\/CreativeWork\" ><div class='avia_textblock  '   itemprop=\"text\" ><h3>General<\/h3>\n<ul class=\"heart\">\n<li>Free Wi-Fi<\/li>\n<li>Guest lounge<\/li>\n<li>Shared kitchenette on the same floor<\/li>\n<li>Guest refrigerator<\/li>\n<li>Playroom<\/li>\n<li>Room for table tennis, table soccer<\/li>\n<li>Washing machine<\/li>\n<li>Ski room<\/li>\n<li>Ski-boot dryer<\/li>\n<li>Bike garage<\/li>\n<li>Grill equipment<\/li>\n<\/ul>\n<\/div><\/section><\/div><div class=\"flex_column av_one_third  flex_column_div av-zero-column-padding   \" style='border-radius:0px; '><section class=\"av_textblock_section \"  itemscope=\"itemscope\" itemtype=\"https:\/\/schema.org\/CreativeWork\" ><div class='avia_textblock  '   itemprop=\"text\" ><h3>Rooms<\/h3>\n<ul class=\"heart\">\n<li>Each room with balcony<\/li>\n<li>Shower\/bath and WC<\/li>\n<li>Satellite TV<\/li>\n<li>Bedding, towels<\/li>\n<li>Hairdryer<\/li>\n<\/ul>\n<\/div><\/section><\/div><div class=\"flex_column av_one_third  flex_column_div av-zero-column-padding   \" style='border-radius:0px; '><section class=\"av_textblock_section \"  itemscope=\"itemscope\" itemtype=\"https:\/\/schema.org\/CreativeWork\" ><div class='avia_textblock  '   itemprop=\"text\" ><h3>Payment<\/h3>\n<ul class=\"heart\">\n<li>Cash<\/li>\n<li>In advance (by bank transfer)<\/li>\n<\/ul>\n<\/div><\/section><\/div><\/p>\n<\/div><\/div><div class=\"flex_cell no_margin av_one_fifth   \" style='vertical-align:top; padding:30px; '><div class='flex_cell_inner' ><\/div><\/div><\/div><\/div><\/div><\/div><!-- close content main div --><\/div><\/div><div id='biobauernhof' class='av-layout-grid-container entry-content-wrapper socket_color av-flex-cells    container_wrap fullsize'   >\n<div class=\"flex_cell no_margin av_one_fifth   \" style='vertical-align:top; padding:30px; '><div class='flex_cell_inner' ><\/div><\/div><div class=\"flex_cell no_margin av_three_fifth   \" style='vertical-align:top; padding:100px 0px 100px 0px ; '><div class='flex_cell_inner' ><p><div style='padding-bottom:30px; ' class='av-special-heading av-special-heading-h1     '><h1 class='av-special-heading-tag '  itemprop=\"headline\"  >Breakfast<\/h1><div class='special-heading-border'><div class='special-heading-inner-border' ><\/div><\/div><\/div><br \/>\n<div class=\"flex_column av_two_fifth  flex_column_div av-zero-column-padding first  \" style='border-radius:0px; '><section class=\"av_textblock_section \"  itemscope=\"itemscope\" itemtype=\"https:\/\/schema.org\/CreativeWork\" ><div class='avia_textblock  '   itemprop=\"text\" ><p>The morning begins with a hearty breakfast buffet, including many foods made or produced right here on the farm.<\/p>\n<\/div><\/section><\/div><div class=\"flex_column av_three_fifth  flex_column_div av-zero-column-padding   \" style='border-radius:0px; '><div class='avia-gallery  avia-gallery-2 avia_lazyload avia_animate_when_visible '  itemprop=\"ImageObject\" itemscope=\"itemscope\" itemtype=\"https:\/\/schema.org\/ImageObject\" ><a class='avia-gallery-big fakeLightbox lightbox avia-gallery-big-crop-thumb ' href='https:\/\/www.ruecklhof.at\/wp-content\/uploads\/2018\/01\/uab-3-2-1030x687.jpg'  data-onclick='1' title='Kr\u00e4utergarten am Bauernhof' ><span class='avia-gallery-big-inner'  itemprop=\"thumbnailUrl\" >\t<img width='495' height='400' src='https:\/\/www.ruecklhof.at\/wp-content\/uploads\/2018\/01\/uab-3-2-495x400.jpg' title='Kr\u00e4utergarten' alt='K\u00f6chin holt Kr\u00e4uter im Garten' \/>\t<span class='avia-gallery-caption'>Kr\u00e4utergarten am Bauernhof<\/span><\/span><\/a><div class='avia-gallery-thumb'> <a href='https:\/\/www.ruecklhof.at\/wp-content\/uploads\/2018\/01\/uab-3-2-1030x687.jpg' data-rel='gallery-2' data-prev-img='https:\/\/www.ruecklhof.at\/wp-content\/uploads\/2018\/01\/uab-3-2-495x400.jpg' class='first_thumb lightbox ' data-onclick='1' title='Kr\u00e4utergarten am Bauernhof'  itemprop=\"thumbnailUrl\" ><img data-avia-tooltip='Kr\u00e4utergarten am Bauernhof' src='https:\/\/www.ruecklhof.at\/wp-content\/uploads\/2018\/01\/uab-3-2-495x400.jpg' width='495' height='400'  title='Kr\u00e4utergarten' alt='K\u00f6chin holt Kr\u00e4uter im Garten' \/><\/a> <a href='https:\/\/www.ruecklhof.at\/wp-content\/uploads\/2018\/01\/Brotbacken-1030x732.jpg' data-rel='gallery-2' data-prev-img='https:\/\/www.ruecklhof.at\/wp-content\/uploads\/2018\/01\/Brotbacken-495x400.jpg' class='lightbox ' data-onclick='2' title=''  itemprop=\"thumbnailUrl\" ><img  src='https:\/\/www.ruecklhof.at\/wp-content\/uploads\/2018\/01\/Brotbacken-495x400.jpg' width='495' height='400'  title='Brotbacken' alt='' \/><\/a> <a href='https:\/\/www.ruecklhof.at\/wp-content\/uploads\/2019\/12\/Fru\u0308hstu\u0308ck_Ru\u0308cklhof-5-von-15_retusche-1030x688.jpg' data-rel='gallery-2' data-prev-img='https:\/\/www.ruecklhof.at\/wp-content\/uploads\/2019\/12\/Fru\u0308hstu\u0308ck_Ru\u0308cklhof-5-von-15_retusche-495x400.jpg' class='lightbox ' data-onclick='3' title='Fr\u00fchst\u00fccksbuffet mit selbstgemachten Brot'  itemprop=\"thumbnailUrl\" ><img data-avia-tooltip='Fr\u00fchst\u00fccksbuffet mit selbstgemachtem Brot' src='https:\/\/www.ruecklhof.at\/wp-content\/uploads\/2019\/12\/Fru\u0308hstu\u0308ck_Ru\u0308cklhof-5-von-15_retusche-495x400.jpg' width='495' height='400'  title='Reichhaltiges Fr\u00fchst\u00fcck' alt='Fr\u00fchst\u00fccksbuffet mit selbstgemachten Brot' \/><\/a> <a href='https:\/\/www.ruecklhof.at\/wp-content\/uploads\/2019\/01\/Fr\u00fchst\u00fcck_R\u00fccklhof-10-von-15-1030x688.jpg' data-rel='gallery-2' data-prev-img='https:\/\/www.ruecklhof.at\/wp-content\/uploads\/2019\/01\/Fr\u00fchst\u00fcck_R\u00fccklhof-10-von-15-495x400.jpg' class='lightbox ' data-onclick='4' title='Gesundes Fr\u00fchst\u00fcck am R\u00fccklhof '  itemprop=\"thumbnailUrl\" ><img data-avia-tooltip='Getreidem\u00fchle am Fr\u00fchst\u00fccksbuffet' src='https:\/\/www.ruecklhof.at\/wp-content\/uploads\/2019\/01\/Fr\u00fchst\u00fcck_R\u00fccklhof-10-von-15-495x400.jpg' width='495' height='400'  title='Gesundes Fr\u00fchst\u00fcck am R\u00fccklhof' alt='Getreidem\u00fchle am Fr\u00fchst\u00fccksbuffet' \/><\/a> <a href='https:\/\/www.ruecklhof.at\/wp-content\/uploads\/2019\/01\/Fr\u00fcst\u00fcck-1030x687.jpg' data-rel='gallery-2' data-prev-img='https:\/\/www.ruecklhof.at\/wp-content\/uploads\/2019\/01\/Fr\u00fcst\u00fcck-495x400.jpg' class='lightbox ' data-onclick='5' title='Selbstgemachtes Brot zum Fr\u00fchst\u00fcck'  itemprop=\"thumbnailUrl\" ><img data-avia-tooltip='Selbstgemachtes Brot zum Fr\u00fchst\u00fcck' src='https:\/\/www.ruecklhof.at\/wp-content\/uploads\/2019\/01\/Fr\u00fcst\u00fcck-495x400.jpg' width='495' height='400'  title='Selbstgemachtes Brot zum Fr\u00fchst\u00fcck' alt='Selbstgemachtes Brot zum Fr\u00fchst\u00fcck' \/><\/a><\/div><\/div><\/div><\/p>\n<\/div><\/div><div class=\"flex_cell no_margin av_one_fifth   \" style='vertical-align:top; padding:30px; '><div class='flex_cell_inner' ><\/div><\/div>\n<\/div><\/p>\n","protected":false},"excerpt":{"rendered":"","protected":false},"author":1,"featured_media":0,"parent":0,"menu_order":0,"comment_status":"closed","ping_status":"closed","template":"","meta":[],"yoast_head":"<!-- This site is optimized with the Yoast SEO plugin v19.9 - https:\/\/yoast.com\/wordpress\/plugins\/seo\/ -->\n<title>Rooms &amp; Breakfast - R\u00fccklhof in Schladming Dachstein<\/title>\n<meta name=\"description\" content=\"We offer family rooms with seperate children bedrooms, quad rooms, triple rooms, double rooms and single rooms. All rooms are with free wifi, balcony, cable-tv and parking spots without extra charge.\" \/>\n<meta name=\"robots\" content=\"index, follow, max-snippet:-1, max-image-preview:large, max-video-preview:-1\" \/>\n<link rel=\"canonical\" href=\"https:\/\/www.ruecklhof.at\/en\/rooms-and-meals\/\" \/>\n<meta property=\"og:locale\" content=\"en_US\" \/>\n<meta property=\"og:type\" content=\"article\" \/>\n<meta property=\"og:title\" content=\"Rooms &amp; Breakfast - R\u00fccklhof in Schladming Dachstein\" \/>\n<meta property=\"og:description\" content=\"We offer family rooms with seperate children bedrooms, quad rooms, triple rooms, double rooms and single rooms. All rooms are with free wifi, balcony, cable-tv and parking spots without extra charge.\" \/>\n<meta property=\"og:url\" content=\"https:\/\/www.ruecklhof.at\/en\/rooms-and-meals\/\" \/>\n<meta property=\"og:site_name\" content=\"R\u00fccklhof in Schladming Dachstein\" \/>\n<meta property=\"article:publisher\" content=\"https:\/\/www.facebook.com\/R%c3%bccklhof-240321242661573\/\" \/>\n<meta property=\"article:modified_time\" content=\"2026-01-06T20:03:23+00:00\" \/>\n<meta property=\"og:image\" content=\"https:\/\/web.ruecklhof.at\/wp-content\/uploads\/2018\/03\/request.png\" \/>\n<meta name=\"twitter:card\" content=\"summary_large_image\" \/>\n<meta name=\"twitter:label1\" content=\"Est. reading time\" \/>\n\t<meta name=\"twitter:data1\" content=\"5 minutes\" \/>\n<script type=\"application\/ld+json\" class=\"yoast-schema-graph\">{\"@context\":\"https:\/\/schema.org\",\"@graph\":[{\"@type\":\"WebPage\",\"@id\":\"https:\/\/www.ruecklhof.at\/en\/rooms-and-meals\/\",\"url\":\"https:\/\/www.ruecklhof.at\/en\/rooms-and-meals\/\",\"name\":\"Rooms & Breakfast - R\u00fccklhof in Schladming Dachstein\",\"isPartOf\":{\"@id\":\"https:\/\/www.ruecklhof.at\/#website\"},\"datePublished\":\"2018-04-23T14:20:19+00:00\",\"dateModified\":\"2026-01-06T20:03:23+00:00\",\"description\":\"We offer family rooms with seperate children bedrooms, quad rooms, triple rooms, double rooms and single rooms. All rooms are with free wifi, balcony, cable-tv and parking spots without extra charge.\",\"breadcrumb\":{\"@id\":\"https:\/\/www.ruecklhof.at\/en\/rooms-and-meals\/#breadcrumb\"},\"inLanguage\":\"en-US\",\"potentialAction\":[{\"@type\":\"ReadAction\",\"target\":[\"https:\/\/www.ruecklhof.at\/en\/rooms-and-meals\/\"]}]},{\"@type\":\"BreadcrumbList\",\"@id\":\"https:\/\/www.ruecklhof.at\/en\/rooms-and-meals\/#breadcrumb\",\"itemListElement\":[{\"@type\":\"ListItem\",\"position\":1,\"name\":\"Startseite\",\"item\":\"https:\/\/www.ruecklhof.at\/en\/\"},{\"@type\":\"ListItem\",\"position\":2,\"name\":\"Rooms &#038; Breakfast\"}]},{\"@type\":\"WebSite\",\"@id\":\"https:\/\/www.ruecklhof.at\/#website\",\"url\":\"https:\/\/www.ruecklhof.at\/\",\"name\":\"R\u00fccklhof in Schladming Dachstein\",\"description\":\"Skiurlaub und Urlaub am Bauernhof\",\"publisher\":{\"@id\":\"https:\/\/www.ruecklhof.at\/#organization\"},\"potentialAction\":[{\"@type\":\"SearchAction\",\"target\":{\"@type\":\"EntryPoint\",\"urlTemplate\":\"https:\/\/www.ruecklhof.at\/?s={search_term_string}\"},\"query-input\":\"required name=search_term_string\"}],\"inLanguage\":\"en-US\"},{\"@type\":\"Organization\",\"@id\":\"https:\/\/www.ruecklhof.at\/#organization\",\"name\":\"R\u00fccklhof\",\"url\":\"https:\/\/www.ruecklhof.at\/\",\"logo\":{\"@type\":\"ImageObject\",\"inLanguage\":\"en-US\",\"@id\":\"https:\/\/www.ruecklhof.at\/#\/schema\/logo\/image\/\",\"url\":\"https:\/\/www.ruecklhof.at\/wp-content\/uploads\/2018\/02\/Logo-4c.png\",\"contentUrl\":\"https:\/\/www.ruecklhof.at\/wp-content\/uploads\/2018\/02\/Logo-4c.png\",\"width\":460,\"height\":156,\"caption\":\"R\u00fccklhof\"},\"image\":{\"@id\":\"https:\/\/www.ruecklhof.at\/#\/schema\/logo\/image\/\"},\"sameAs\":[\"https:\/\/www.facebook.com\/R\u00fccklhof-240321242661573\/\"]}]}<\/script>\n<!-- \/ Yoast SEO plugin. -->","yoast_head_json":{"title":"Rooms & Breakfast - R\u00fccklhof in Schladming Dachstein","description":"We offer family rooms with seperate children bedrooms, quad rooms, triple rooms, double rooms and single rooms. All rooms are with free wifi, balcony, cable-tv and parking spots without extra charge.","robots":{"index":"index","follow":"follow","max-snippet":"max-snippet:-1","max-image-preview":"max-image-preview:large","max-video-preview":"max-video-preview:-1"},"canonical":"https:\/\/www.ruecklhof.at\/en\/rooms-and-meals\/","og_locale":"en_US","og_type":"article","og_title":"Rooms & Breakfast - R\u00fccklhof in Schladming Dachstein","og_description":"We offer family rooms with seperate children bedrooms, quad rooms, triple rooms, double rooms and single rooms. All rooms are with free wifi, balcony, cable-tv and parking spots without extra charge.","og_url":"https:\/\/www.ruecklhof.at\/en\/rooms-and-meals\/","og_site_name":"R\u00fccklhof in Schladming Dachstein","article_publisher":"https:\/\/www.facebook.com\/R%c3%bccklhof-240321242661573\/","article_modified_time":"2026-01-06T20:03:23+00:00","og_image":[{"url":"https:\/\/web.ruecklhof.at\/wp-content\/uploads\/2018\/03\/request.png"}],"twitter_card":"summary_large_image","twitter_misc":{"Est. reading time":"5 minutes"},"schema":{"@context":"https:\/\/schema.org","@graph":[{"@type":"WebPage","@id":"https:\/\/www.ruecklhof.at\/en\/rooms-and-meals\/","url":"https:\/\/www.ruecklhof.at\/en\/rooms-and-meals\/","name":"Rooms & Breakfast - R\u00fccklhof in Schladming Dachstein","isPartOf":{"@id":"https:\/\/www.ruecklhof.at\/#website"},"datePublished":"2018-04-23T14:20:19+00:00","dateModified":"2026-01-06T20:03:23+00:00","description":"We offer family rooms with seperate children bedrooms, quad rooms, triple rooms, double rooms and single rooms. All rooms are with free wifi, balcony, cable-tv and parking spots without extra charge.","breadcrumb":{"@id":"https:\/\/www.ruecklhof.at\/en\/rooms-and-meals\/#breadcrumb"},"inLanguage":"en-US","potentialAction":[{"@type":"ReadAction","target":["https:\/\/www.ruecklhof.at\/en\/rooms-and-meals\/"]}]},{"@type":"BreadcrumbList","@id":"https:\/\/www.ruecklhof.at\/en\/rooms-and-meals\/#breadcrumb","itemListElement":[{"@type":"ListItem","position":1,"name":"Startseite","item":"https:\/\/www.ruecklhof.at\/en\/"},{"@type":"ListItem","position":2,"name":"Rooms &#038; Breakfast"}]},{"@type":"WebSite","@id":"https:\/\/www.ruecklhof.at\/#website","url":"https:\/\/www.ruecklhof.at\/","name":"R\u00fccklhof in Schladming Dachstein","description":"Skiurlaub und Urlaub am Bauernhof","publisher":{"@id":"https:\/\/www.ruecklhof.at\/#organization"},"potentialAction":[{"@type":"SearchAction","target":{"@type":"EntryPoint","urlTemplate":"https:\/\/www.ruecklhof.at\/?s={search_term_string}"},"query-input":"required name=search_term_string"}],"inLanguage":"en-US"},{"@type":"Organization","@id":"https:\/\/www.ruecklhof.at\/#organization","name":"R\u00fccklhof","url":"https:\/\/www.ruecklhof.at\/","logo":{"@type":"ImageObject","inLanguage":"en-US","@id":"https:\/\/www.ruecklhof.at\/#\/schema\/logo\/image\/","url":"https:\/\/www.ruecklhof.at\/wp-content\/uploads\/2018\/02\/Logo-4c.png","contentUrl":"https:\/\/www.ruecklhof.at\/wp-content\/uploads\/2018\/02\/Logo-4c.png","width":460,"height":156,"caption":"R\u00fccklhof"},"image":{"@id":"https:\/\/www.ruecklhof.at\/#\/schema\/logo\/image\/"},"sameAs":["https:\/\/www.facebook.com\/R\u00fccklhof-240321242661573\/"]}]}},"_links":{"self":[{"href":"https:\/\/www.ruecklhof.at\/en\/wp-json\/wp\/v2\/pages\/398"}],"collection":[{"href":"https:\/\/www.ruecklhof.at\/en\/wp-json\/wp\/v2\/pages"}],"about":[{"href":"https:\/\/www.ruecklhof.at\/en\/wp-json\/wp\/v2\/types\/page"}],"author":[{"embeddable":true,"href":"https:\/\/www.ruecklhof.at\/en\/wp-json\/wp\/v2\/users\/1"}],"replies":[{"embeddable":true,"href":"https:\/\/www.ruecklhof.at\/en\/wp-json\/wp\/v2\/comments?post=398"}],"version-history":[{"count":17,"href":"https:\/\/www.ruecklhof.at\/en\/wp-json\/wp\/v2\/pages\/398\/revisions"}],"predecessor-version":[{"id":623,"href":"https:\/\/www.ruecklhof.at\/en\/wp-json\/wp\/v2\/pages\/398\/revisions\/623"}],"wp:attachment":[{"href":"https:\/\/www.ruecklhof.at\/en\/wp-json\/wp\/v2\/media?parent=398"}],"curies":[{"name":"wp","href":"https:\/\/api.w.org\/{rel}","templated":true}]}}